{"id":7,"date":"2025-05-28T15:38:41","date_gmt":"2025-05-28T13:38:41","guid":{"rendered":"http:\/\/170.75.171.100\/?page_id=7"},"modified":"2025-05-29T00:19:23","modified_gmt":"2025-05-28T22:19:23","slug":"kraeuter","status":"publish","type":"page","link":"https:\/\/wilderheilzauber.de\/?page_id=7","title":{"rendered":"Wildkr\u00e4uter"},"content":{"rendered":"\n<p>Deutschland ist reich an Sch\u00e4tzen \u2013 und viele davon wachsen still und bescheiden am Wegesrand, auf Lichtungen, Wiesen und Waldr\u00e4ndern. Diese Seite widmet sich ganz den <strong>Kr\u00e4utern und Wildkr\u00e4utern<\/strong>, die hier bei uns heimisch sind und seit Jahrhunderten als Heil-, K\u00fcchen- oder Zauberpflanzen gesch\u00e4tzt werden.<\/p>\n\n\n\n<p>Ob <strong>G\u00e4nsebl\u00fcmchen<\/strong>, <strong>L\u00f6wenzahn<\/strong>, <strong>Spitzwegerich<\/strong>, <strong>Schafgarbe<\/strong>, <strong>Brennnessel<\/strong> oder die geheimnisvolle <strong>Beifu\u00dfpflanze<\/strong> \u2013 jedes Kraut hat seine eigene Geschichte, seinen Duft, seine Kraft. Viele von ihnen begleiten uns seit Generationen, eingebettet in altes Volkswissen, das mehr und mehr in Vergessenheit geraten ist.<\/p>\n\n\n\n<p>Ich m\u00f6chte auf dieser Seite zeigen, was w\u00e4chst, wenn man genau hinsieht:<br>\ud83c\udf3f Wann und wo man bestimmte Kr\u00e4uter findet<br>\ud83c\udf3f Wie man sie sicher erkennt und schonend sammelt<br>\ud83c\udf3f Welche Wirkung ihnen traditionell zugeschrieben wird<br>\ud83c\udf3f Und wie man sie weiterverarbeiten kann \u2013 zu Tee, Salbe, Tinktur oder einfach als duftender Begleiter im Alltag<\/p>\n\n\n\n<p>Diese Sammlung w\u00e4chst stetig \u2013 so wie auch mein eigenes Wissen \u00fcber die Natur mit jedem Tag, den ich drau\u00dfen verbringe. Lass dich einladen, die Welt der heimischen Kr\u00e4uter <strong>neu zu entdecken \u2013 mit offenem Herzen, wachen Sinnen und der Freude am einfachen, ehrlichen Leben<\/strong>.<\/p>\n\n\n\n<p>Denn:<\/p>\n\n\n\n<blockquote class=\"wp-block-quote is-layout-flow wp-block-quote-is-layout-flow\">\n<p><strong>\u201eDie Natur ist die beste Apotheke.\u201c<\/strong><br><em>\u2013 Sebastian Kneipp<\/em><\/p>\n<\/blockquote>\n\n\n\n<hr class=\"wp-block-separator has-alpha-channel-opacity\"\/>\n","protected":false},"excerpt":{"rendered":"<p>Deutschland ist reich an Sch\u00e4tzen \u2013 und viele davon wachsen still und bescheiden am Wegesrand, auf Lichtungen, Wiesen und Waldr\u00e4ndern. Diese Seite widmet sich ganz den Kr\u00e4utern und &hellip; <a class=\"read-more\" href=\"https:\/\/wilderheilzauber.de\/?page_id=7\">Weiterlesen<\/a><\/p>\n","protected":false},"author":1,"featured_media":0,"parent":0,"menu_order":0,"comment_status":"closed","ping_status":"closed","template":"","meta":{"_monsterinsights_skip_tracking":false,"_monsterinsights_sitenote_active":false,"_monsterinsights_sitenote_note":"","_monsterinsights_sitenote_category":0,"footnotes":""},"class_list":["post-7","page","type-page","status-publish","hentry"],"aioseo_notices":[],"_links":{"self":[{"href":"https:\/\/wilderheilzauber.de\/index.php?rest_route=\/wp\/v2\/pages\/7","targetHints":{"allow":["GET"]}}],"collection":[{"href":"https:\/\/wilderheilzauber.de\/index.php?rest_route=\/wp\/v2\/pages"}],"about":[{"href":"https:\/\/wilderheilzauber.de\/index.php?rest_route=\/wp\/v2\/types\/page"}],"author":[{"embeddable":true,"href":"https:\/\/wilderheilzauber.de\/index.php?rest_route=\/wp\/v2\/users\/1"}],"replies":[{"embeddable":true,"href":"https:\/\/wilderheilzauber.de\/index.php?rest_route=%2Fwp%2Fv2%2Fcomments&post=7"}],"version-history":[{"count":3,"href":"https:\/\/wilderheilzauber.de\/index.php?rest_route=\/wp\/v2\/pages\/7\/revisions"}],"predecessor-version":[{"id":63,"href":"https:\/\/wilderheilzauber.de\/index.php?rest_route=\/wp\/v2\/pages\/7\/revisions\/63"}],"wp:attachment":[{"href":"https:\/\/wilderheilzauber.de\/index.php?rest_route=%2Fwp%2Fv2%2Fmedia&parent=7"}],"curies":[{"name":"wp","href":"https:\/\/api.w.org\/{rel}","templated":true}]}}