{"id":578,"date":"2025-06-04T16:19:29","date_gmt":"2025-06-04T14:19:29","guid":{"rendered":"https:\/\/wilderheilzauber.de\/?page_id=578"},"modified":"2025-06-14T12:36:01","modified_gmt":"2025-06-14T10:36:01","slug":"wermut","status":"publish","type":"page","link":"https:\/\/wilderheilzauber.de\/?page_id=578","title":{"rendered":"Wermut"},"content":{"rendered":"\n<h1 class=\"wp-block-heading\">\ud83c\udf3f <strong>Wermut (Artemisia absinthium)<\/strong> \u2013 Die K\u00f6nigin der Bitterstoffe<\/h1>\n\n\n\n<p>In den Weiten verwilderter G\u00e4rten, an sonnigen H\u00e4ngen und am Wegesrand leuchtet er silbergrau und geheimnisvoll \u2013 der Wermut. Eine Pflanze, die seit Jahrtausenden f\u00fcr ihre heilende, aber auch warnende Wirkung bekannt ist. Ihre Bitterkeit erz\u00e4hlt Geschichten von Reinigung, Magie und Transformation.<\/p>\n\n\n\n<h2 class=\"wp-block-heading\">\ud83c\udf0d <strong>Wo w\u00e4chst Wermut?<\/strong><\/h2>\n\n\n\n<p>Wermut liebt das Wilde. Du findest ihn in ganz Europa, Nordafrika und Westasien, vor allem an trockenen, sonnigen Standorten. Er gedeiht gerne auf Schutthalden, an B\u00f6schungen, Bahnd\u00e4mmen oder in brachliegenden G\u00e4rten \u2013 \u00fcberall dort, wo die Natur sich selbst \u00fcberlassen bleibt.<\/p>\n\n\n\n<h2 class=\"wp-block-heading\">\ud83c\udf31 <strong>Wie erkennt man Wermut?<\/strong><\/h2>\n\n\n\n<p>Sein silbrig-graues Kleid macht ihn unverwechselbar:<\/p>\n\n\n\n<ul class=\"wp-block-list\">\n<li><strong>Bl\u00e4tter:<\/strong> stark gefiedert, fein behaart, silbrig-gr\u00fcn<\/li>\n\n\n\n<li><strong>St\u00e4ngel:<\/strong> holzig an der Basis, aufrecht wachsend, oft verzweigt<\/li>\n\n\n\n<li><strong>Bl\u00fcten:<\/strong> kleine, gelblich-gr\u00fcne K\u00f6pfchen, die im Hochsommer (Juli\u2013September) in lockeren Rispen erscheinen<\/li>\n\n\n\n<li><strong>Geruch:<\/strong> aromatisch, bitter-w\u00fcrzig \u2013 unverkennbar<\/li>\n<\/ul>\n\n\n\n<figure class=\"wp-block-image size-large\"><img loading=\"lazy\" decoding=\"async\" width=\"683\" height=\"1024\" src=\"https:\/\/wilderheilzauber.de\/wp-content\/uploads\/2025\/06\/wermut_pflanze-683x1024.jpg\" alt=\"\" class=\"wp-image-1010\" srcset=\"https:\/\/wilderheilzauber.de\/wp-content\/uploads\/2025\/06\/wermut_pflanze-683x1024.jpg 683w, https:\/\/wilderheilzauber.de\/wp-content\/uploads\/2025\/06\/wermut_pflanze-200x300.jpg 200w, https:\/\/wilderheilzauber.de\/wp-content\/uploads\/2025\/06\/wermut_pflanze-768x1152.jpg 768w, https:\/\/wilderheilzauber.de\/wp-content\/uploads\/2025\/06\/wermut_pflanze.jpg 1024w\" sizes=\"auto, (max-width: 683px) 100vw, 683px\" \/><\/figure>\n\n\n\n<p>Ein leichtes Zerreiben der Bl\u00e4tter zwischen den Fingern gen\u00fcgt, und der charakteristische, intensive Duft steigt auf \u2013 scharf, heilkr\u00e4ftig, fast berauschend.<\/p>\n\n\n\n<h2 class=\"wp-block-heading\">\ud83d\udd2c <strong>Inhaltsstoffe \u2013 Die Kraft im Bitteren<\/strong><\/h2>\n\n\n\n<p>Der Wermut ist reich an hochwirksamen Substanzen:<\/p>\n\n\n\n<ul class=\"wp-block-list\">\n<li><strong>Bitterstoffe<\/strong> (v.\u202fa. Absinthin)<\/li>\n\n\n\n<li><strong>\u00c4therische \u00d6le<\/strong> (Thujon, Cineol, Campher)<\/li>\n\n\n\n<li><strong>Gerbstoffe<\/strong><\/li>\n\n\n\n<li><strong>Flavonoide<\/strong><\/li>\n<\/ul>\n\n\n\n<p>Die ber\u00fchmten Bitterstoffe regen die Verdauung an, f\u00f6rdern die Gallenproduktion und unterst\u00fctzen die Leber. Doch Vorsicht: Der Inhaltsstoff Thujon wirkt in hohen Dosen neurotoxisch und sollte mit Achtsamkeit behandelt werden.<\/p>\n\n\n\n<h2 class=\"wp-block-heading\">\ud83e\uddea <strong>Wof\u00fcr kann man Wermut verwenden?<\/strong><\/h2>\n\n\n\n<p>Wermut ist eine uralte Heilpflanze, deren Einsatz weit \u00fcber die K\u00fcche hinausgeht:<\/p>\n\n\n\n<h3 class=\"wp-block-heading\">\ud83c\udf75 <strong>Innerlich:<\/strong><\/h3>\n\n\n\n<ul class=\"wp-block-list\">\n<li><strong>Verdauungsbeschwerden:<\/strong> Ein Tee aus Wermut regt die Magens\u00e4fte an, lindert V\u00f6llegef\u00fchl, Bl\u00e4hungen und Appetitlosigkeit.<\/li>\n\n\n\n<li><strong>Wurmbefall:<\/strong> Fr\u00fcher wurde Wermut gegen Darmparasiten eingesetzt.<\/li>\n\n\n\n<li><strong>Leber &amp; Galle:<\/strong> Er unterst\u00fctzt die Entgiftungsorgane auf nat\u00fcrliche Weise.<\/li>\n<\/ul>\n\n\n\n<blockquote class=\"wp-block-quote is-layout-flow wp-block-quote-is-layout-flow\">\n<p>\ud83d\udc49 Achtung: Innerlich nur in kleinen Dosen und nicht dauerhaft anwenden. F\u00fcr Schwangere ist Wermut nicht geeignet!<\/p>\n<\/blockquote>\n\n\n\n<h3 class=\"wp-block-heading\">\ud83d\udca7 <strong>\u00c4u\u00dferlich:<\/strong><\/h3>\n\n\n\n<ul class=\"wp-block-list\">\n<li><strong>Umschl\u00e4ge &amp; Salben:<\/strong> Bei Muskelverspannungen oder rheumatischen Beschwerden<\/li>\n\n\n\n<li><strong>B\u00e4der:<\/strong> Wohltuend f\u00fcr die Haut und bei Gliederschmerzen<\/li>\n<\/ul>\n\n\n\n<h3 class=\"wp-block-heading\">\ud83c\udf78 <strong>In der Spirituosenherstellung:<\/strong><\/h3>\n\n\n\n<p>Der Wermut gab dem ber\u00fchmten Absinth seinen Namen \u2013 das legend\u00e4re Getr\u00e4nk der K\u00fcnstler und Tr\u00e4umer. Auch in Wermutwein (z.\u202fB. Vermouth) entfaltet er sein bitteres Aroma.<\/p>\n\n\n\n<h2 class=\"wp-block-heading\">\ud83c\udf3c <strong>Magische und spirituelle Aspekte<\/strong><\/h2>\n\n\n\n<p>In alten Zeiten galt Wermut als Pflanze der Reinigung und Schutz. Man r\u00e4ucherte damit H\u00e4user aus, um b\u00f6se Geister zu vertreiben, und trug ihn bei sich als Talisman gegen negative Energien. Auch heute wird er in Ritualen der Transformation und inneren Kl\u00e4rung verwendet.<\/p>\n\n\n\n<hr class=\"wp-block-separator has-alpha-channel-opacity\"\/>\n\n\n\n<p><strong>Fazit:<\/strong><br>Wermut ist ein Geschenk der Natur \u2013 kr\u00e4ftig, bitter und kl\u00e4rend. Er ist nicht f\u00fcr den schnellen Genuss gedacht, sondern f\u00fcr den bewussten Einsatz in Momenten, in denen K\u00f6rper und Geist Klarheit brauchen. Wer seine Bitterkeit zu sch\u00e4tzen wei\u00df, wird seine Heilkraft mit Ehrfurcht erfahren.<\/p>\n","protected":false},"excerpt":{"rendered":"<p>\ud83c\udf3f Wermut (Artemisia absinthium) \u2013 Die K\u00f6nigin der Bitterstoffe In den Weiten verwilderter G\u00e4rten, an sonnigen H\u00e4ngen und am Wegesrand leuchtet er silbergrau und geheimnisvoll \u2013 der Wermut. &hellip; <a class=\"read-more\" href=\"https:\/\/wilderheilzauber.de\/?page_id=578\">Weiterlesen<\/a><\/p>\n","protected":false},"author":1,"featured_media":0,"parent":7,"menu_order":0,"comment_status":"closed","ping_status":"closed","template":"","meta":{"_monsterinsights_skip_tracking":false,"_monsterinsights_sitenote_active":false,"_monsterinsights_sitenote_note":"","_monsterinsights_sitenote_category":0,"footnotes":""},"class_list":["post-578","page","type-page","status-publish","hentry"],"aioseo_notices":[],"_links":{"self":[{"href":"https:\/\/wilderheilzauber.de\/index.php?rest_route=\/wp\/v2\/pages\/578","targetHints":{"allow":["GET"]}}],"collection":[{"href":"https:\/\/wilderheilzauber.de\/index.php?rest_route=\/wp\/v2\/pages"}],"about":[{"href":"https:\/\/wilderheilzauber.de\/index.php?rest_route=\/wp\/v2\/types\/page"}],"author":[{"embeddable":true,"href":"https:\/\/wilderheilzauber.de\/index.php?rest_route=\/wp\/v2\/users\/1"}],"replies":[{"embeddable":true,"href":"https:\/\/wilderheilzauber.de\/index.php?rest_route=%2Fwp%2Fv2%2Fcomments&post=578"}],"version-history":[{"count":3,"href":"https:\/\/wilderheilzauber.de\/index.php?rest_route=\/wp\/v2\/pages\/578\/revisions"}],"predecessor-version":[{"id":1011,"href":"https:\/\/wilderheilzauber.de\/index.php?rest_route=\/wp\/v2\/pages\/578\/revisions\/1011"}],"up":[{"embeddable":true,"href":"https:\/\/wilderheilzauber.de\/index.php?rest_route=\/wp\/v2\/pages\/7"}],"wp:attachment":[{"href":"https:\/\/wilderheilzauber.de\/index.php?rest_route=%2Fwp%2Fv2%2Fmedia&parent=578"}],"curies":[{"name":"wp","href":"https:\/\/api.w.org\/{rel}","templated":true}]}}