{"id":480,"date":"2025-06-02T11:04:34","date_gmt":"2025-06-02T09:04:34","guid":{"rendered":"https:\/\/wilderheilzauber.de\/?page_id=480"},"modified":"2025-11-24T17:14:10","modified_gmt":"2025-11-24T16:14:10","slug":"impressum-datenschutz","status":"publish","type":"page","link":"https:\/\/wilderheilzauber.de\/?page_id=480","title":{"rendered":"Impressum \/ Datenschutz"},"content":{"rendered":"\n<h2 class=\"wp-block-heading\"><strong>Impressum<\/strong><\/h2>\n\n\n\n<p>Angaben gem\u00e4\u00df \u00a7 5 Telemediengesetz (TMG)<\/p>\n\n\n\n<p><strong>Christian Grundner<\/strong><br>Sachsenstra\u00dfe 26 D                                                                                                                                                                                                                09669 Frankenberg<br>Deutschland<\/p>\n\n\n\n<p><br>E-Mail: <a>wilderheilzauber@pm.me<\/a><\/p>\n\n\n\n<h3 class=\"wp-block-heading\">Verantwortlich f\u00fcr den Inhalt nach \u00a7 55 Abs. 2 RStV:<\/h3>\n\n\n\n<p>Christian Grundner                                                                                                                                                                                                   Sachsenstra\u00dfe 26 D                                                                                                                                                                                                        09669 Frankenberg<\/p>\n\n\n\n<p><strong>Hinweis:<\/strong><br>Dies ist eine private Website. Es werden keine entgeltlichen Leistungen oder gesch\u00e4ftsm\u00e4\u00dfigen Angebote unterbreitet. Die Inhalte dienen ausschlie\u00dflich dem Austausch pers\u00f6nlicher Erfahrungen.<br>Verantwortlich f\u00fcr den Inhalt nach \u00a7 55 Abs. 2 RStV:<br>Christian Grundner<\/p>\n\n\n\n<hr class=\"wp-block-separator has-alpha-channel-opacity\"\/>\n\n\n\n<h2 class=\"wp-block-heading\"><strong>Datenschutzerkl\u00e4rung<\/strong><\/h2>\n\n\n\n<h3 class=\"wp-block-heading\">1. Datenschutz auf einen Blick<\/h3>\n\n\n\n<h4 class=\"wp-block-heading\">Allgemeine Hinweise<\/h4>\n\n\n\n<p>Der Schutz deiner pers\u00f6nlichen Daten ist mir ein besonderes Anliegen. Ich behandle deine personenbezogenen Daten vertraulich und entsprechend der gesetzlichen Datenschutzvorschriften sowie dieser Datenschutzerkl\u00e4rung.<\/p>\n\n\n\n<p>Die Nutzung dieser Website ist in der Regel ohne Angabe personenbezogener Daten m\u00f6glich. Soweit auf dieser Seite personenbezogene Daten (z.\u202fB. Name, Anschrift oder E-Mail-Adressen) erhoben werden, erfolgt dies \u2013 soweit m\u00f6glich \u2013 stets auf freiwilliger Basis. Diese Daten werden ohne deine ausdr\u00fcckliche Zustimmung nicht an Dritte weitergegeben.<\/p>\n\n\n\n<hr class=\"wp-block-separator has-alpha-channel-opacity\"\/>\n\n\n\n<h3 class=\"wp-block-heading\">2. Verantwortliche Stelle<\/h3>\n\n\n\n<p><strong>Verantwortlich f\u00fcr die Datenverarbeitung auf dieser Website:<\/strong><br>Christian Grundner<br>Sachsenstra\u00dfe 26 D                                                                                                                                                                                                     09669 Frankenberg<br>Deutschland<br>E-Mail: <a>wilderheilzauber@pm.me<\/a><\/p>\n\n\n\n<hr class=\"wp-block-separator has-alpha-channel-opacity\"\/>\n\n\n\n<h3 class=\"wp-block-heading\">3. Hosting<\/h3>\n\n\n\n<p>Diese Website wird bei <strong>LunaNode<\/strong>, einem Hostinganbieter mit Sitz in Kanada, gehostet. Die Server befinden sich unter anderem in der Europ\u00e4ischen Union (z.\u202fB. Deutschland oder den Niederlanden).<br>Die personenbezogenen Daten, die auf dieser Website erfasst werden, werden auf den Servern von LunaNode gespeichert. Dazu geh\u00f6ren insbesondere:<\/p>\n\n\n\n<ul class=\"wp-block-list\">\n<li>IP-Adressen<\/li>\n\n\n\n<li>Zugriffszeitpunkte<\/li>\n\n\n\n<li>Browserinformationen<\/li>\n\n\n\n<li>ggf. Fehlerprotokolle<\/li>\n<\/ul>\n\n\n\n<p>Der Einsatz von LunaNode erfolgt auf Grundlage von Art. 6 Abs. 1 lit. f DSGVO, da ein berechtigtes Interesse an der sicheren und stabilen Bereitstellung der Website besteht.<\/p>\n\n\n\n<p>LunaNode Datenschutzerkl\u00e4rung: <a>https:\/\/www.lunanode.com\/privacy<\/a><\/p>\n\n\n\n<hr class=\"wp-block-separator has-alpha-channel-opacity\"\/>\n\n\n\n<h3 class=\"wp-block-heading\">4. Server-Log-Dateien<\/h3>\n\n\n\n<p>Der Hostinganbieter erhebt und speichert automatisch Informationen in sogenannten Server-Log-Dateien, die dein Browser automatisch \u00fcbermittelt. Dies sind:<\/p>\n\n\n\n<ul class=\"wp-block-list\">\n<li>Browsertyp und Browserversion<\/li>\n\n\n\n<li>Verwendetes Betriebssystem<\/li>\n\n\n\n<li>Referrer-URL<\/li>\n\n\n\n<li>Hostname des zugreifenden Rechners<\/li>\n\n\n\n<li>Uhrzeit der Serveranfrage<\/li>\n\n\n\n<li>IP-Adresse<\/li>\n<\/ul>\n\n\n\n<p>Diese Daten sind nicht bestimmten Personen zuordenbar. Eine Zusammenf\u00fchrung dieser Daten mit anderen Datenquellen wird nicht vorgenommen. Die Daten dienen der technischen \u00dcberwachung und Sicherheit der Website.<\/p>\n\n\n\n<hr class=\"wp-block-separator has-alpha-channel-opacity\"\/>\n\n\n\n<h3 class=\"wp-block-heading\">5. Cookies<\/h3>\n\n\n\n<p>Diese Website verwendet <strong>keine Cookies<\/strong>, um Nutzerprofile zu erstellen oder das Surfverhalten auszuwerten. Es k\u00f6nnen jedoch technisch notwendige Cookies durch das Hosting oder CMS gesetzt werden, um die Grundfunktion der Website zu gew\u00e4hrleisten. Diese Cookies enthalten keine personenbezogenen Daten.<\/p>\n\n\n\n<hr class=\"wp-block-separator has-alpha-channel-opacity\"\/>\n\n\n\n<h3 class=\"wp-block-heading\">6. Plugins, Tools und externe Inhalte<\/h3>\n\n\n\n<p>Es werden <strong>keine Analyse-Tools<\/strong> (z.\u202fB. Google Analytics), <strong>Webfonts<\/strong> von externen Servern (z.\u202fB. Google Fonts), <strong>Social Media Plugins<\/strong> oder sonstige <strong>externen Skripte<\/strong> eingebunden.<\/p>\n\n\n\n<p>Die Website verzichtet bewusst auf Tracking, Werbung und die Nutzung externer Dienste, die personenbezogene Daten erfassen k\u00f6nnten.<\/p>\n\n\n\n<hr class=\"wp-block-separator has-alpha-channel-opacity\"\/>\n\n\n\n<h3 class=\"wp-block-heading\">7. Rechte der betroffenen Person<\/h3>\n\n\n\n<p>Du hast jederzeit das Recht auf:<\/p>\n\n\n\n<ul class=\"wp-block-list\">\n<li>Auskunft \u00fcber deine gespeicherten personenbezogenen Daten<\/li>\n\n\n\n<li>Berichtigung unrichtiger Daten<\/li>\n\n\n\n<li>L\u00f6schung deiner Daten, soweit keine gesetzliche Aufbewahrungspflicht besteht<\/li>\n\n\n\n<li>Einschr\u00e4nkung der Verarbeitung<\/li>\n\n\n\n<li>Widerspruch gegen die Verarbeitung<\/li>\n\n\n\n<li>Daten\u00fcbertragbarkeit (Art. 20 DSGVO)<\/li>\n<\/ul>\n\n\n\n<p>Zur Wahrnehmung dieser Rechte kannst du dich jederzeit an die im Impressum angegebene E-Mail-Adresse wenden.<\/p>\n\n\n\n<hr class=\"wp-block-separator has-alpha-channel-opacity\"\/>\n\n\n\n<p><strong>Stand dieser Datenschutzerkl\u00e4rung: Juni 2025<\/strong><\/p>\n\n\n\n<p><\/p>\n","protected":false},"excerpt":{"rendered":"<p>Impressum Angaben gem\u00e4\u00df \u00a7 5 Telemediengesetz (TMG) Christian GrundnerSachsenstra\u00dfe 26 D 09669 FrankenbergDeutschland E-Mail: wilderheilzauber@pm.me Verantwortlich f\u00fcr den Inhalt nach \u00a7 55 Abs. 2 RStV: Christian Grundner Sachsenstra\u00dfe &hellip; <a class=\"read-more\" href=\"https:\/\/wilderheilzauber.de\/?page_id=480\">Weiterlesen<\/a><\/p>\n","protected":false},"author":1,"featured_media":0,"parent":2,"menu_order":0,"comment_status":"closed","ping_status":"closed","template":"","meta":{"_monsterinsights_skip_tracking":false,"_monsterinsights_sitenote_active":false,"_monsterinsights_sitenote_note":"","_monsterinsights_sitenote_category":0,"footnotes":""},"class_list":["post-480","page","type-page","status-publish","hentry"],"aioseo_notices":[],"_links":{"self":[{"href":"https:\/\/wilderheilzauber.de\/index.php?rest_route=\/wp\/v2\/pages\/480","targetHints":{"allow":["GET"]}}],"collection":[{"href":"https:\/\/wilderheilzauber.de\/index.php?rest_route=\/wp\/v2\/pages"}],"about":[{"href":"https:\/\/wilderheilzauber.de\/index.php?rest_route=\/wp\/v2\/types\/page"}],"author":[{"embeddable":true,"href":"https:\/\/wilderheilzauber.de\/index.php?rest_route=\/wp\/v2\/users\/1"}],"replies":[{"embeddable":true,"href":"https:\/\/wilderheilzauber.de\/index.php?rest_route=%2Fwp%2Fv2%2Fcomments&post=480"}],"version-history":[{"count":12,"href":"https:\/\/wilderheilzauber.de\/index.php?rest_route=\/wp\/v2\/pages\/480\/revisions"}],"predecessor-version":[{"id":1348,"href":"https:\/\/wilderheilzauber.de\/index.php?rest_route=\/wp\/v2\/pages\/480\/revisions\/1348"}],"up":[{"embeddable":true,"href":"https:\/\/wilderheilzauber.de\/index.php?rest_route=\/wp\/v2\/pages\/2"}],"wp:attachment":[{"href":"https:\/\/wilderheilzauber.de\/index.php?rest_route=%2Fwp%2Fv2%2Fmedia&parent=480"}],"curies":[{"name":"wp","href":"https:\/\/api.w.org\/{rel}","templated":true}]}}