{"id":316,"date":"2025-05-29T19:03:20","date_gmt":"2025-05-29T17:03:20","guid":{"rendered":"http:\/\/170.75.171.100\/?page_id=316"},"modified":"2025-06-25T07:20:59","modified_gmt":"2025-06-25T05:20:59","slug":"shampoo-hygiene","status":"publish","type":"page","link":"https:\/\/wilderheilzauber.de\/?page_id=316","title":{"rendered":"Hygiene"},"content":{"rendered":"\n<h2 class=\"wp-block-heading\">\u2728 Nat\u00fcrlich sauber \u2013 Shampoo und Hygiene aus Hausmitteln \u2728<\/h2>\n\n\n\n<p><em>\u201eDie Natur ist die beste Apotheke.\u201c \u2013 Sebastian Kneipp<\/em><\/p>\n\n\n\n<p>In einer Welt voller chemischer Inhaltsstoffe und k\u00fcnstlicher D\u00fcfte besinnen sich immer mehr Menschen auf das, was wirklich z\u00e4hlt: Reinheit, Nat\u00fcrlichkeit und das Vertrauen in die Kraft unserer heimischen Natur. Diese Seite widmet sich ganz der Herstellung von <strong>Shampoos, Seifen und Hygienel\u00f6sungen<\/strong> aus einfachen, nat\u00fcrlichen Hausmitteln \u2013 frei von Silikonen, Mikroplastik und unn\u00f6tigen Zus\u00e4tzen.<\/p>\n\n\n\n<h3 class=\"wp-block-heading\">\ud83c\udf3f Warum selbstgemachte Hygieneprodukte?<\/h3>\n\n\n\n<p>Hausgemachte Pflegeprodukte schenken nicht nur deinem K\u00f6rper wohltuende Pflege, sondern auch deinem Geist Ruhe. Du wei\u00dft, was drin ist \u2013 und was nicht. Keine Parabene, keine k\u00fcnstlichen Duftstoffe, keine langen Zutatenlisten.<\/p>\n\n\n\n<p>Mit wenigen Zutaten aus deiner K\u00fcche oder dem Garten lassen sich nat\u00fcrliche Alternativen zu Duschgel, Shampoo &amp; Co. zaubern, die sanft reinigen, pflegen und deinen Alltag mit einem Hauch von Naturmagie bereichern.<\/p>\n","protected":false},"excerpt":{"rendered":"<p>\u2728 Nat\u00fcrlich sauber \u2013 Shampoo und Hygiene aus Hausmitteln \u2728 \u201eDie Natur ist die beste Apotheke.\u201c \u2013 Sebastian Kneipp In einer Welt voller chemischer Inhaltsstoffe und k\u00fcnstlicher D\u00fcfte &hellip; <a class=\"read-more\" href=\"https:\/\/wilderheilzauber.de\/?page_id=316\">Weiterlesen<\/a><\/p>\n","protected":false},"author":1,"featured_media":0,"parent":870,"menu_order":0,"comment_status":"closed","ping_status":"closed","template":"","meta":{"_monsterinsights_skip_tracking":false,"_monsterinsights_sitenote_active":false,"_monsterinsights_sitenote_note":"","_monsterinsights_sitenote_category":0,"footnotes":""},"class_list":["post-316","page","type-page","status-publish","hentry"],"aioseo_notices":[],"_links":{"self":[{"href":"https:\/\/wilderheilzauber.de\/index.php?rest_route=\/wp\/v2\/pages\/316","targetHints":{"allow":["GET"]}}],"collection":[{"href":"https:\/\/wilderheilzauber.de\/index.php?rest_route=\/wp\/v2\/pages"}],"about":[{"href":"https:\/\/wilderheilzauber.de\/index.php?rest_route=\/wp\/v2\/types\/page"}],"author":[{"embeddable":true,"href":"https:\/\/wilderheilzauber.de\/index.php?rest_route=\/wp\/v2\/users\/1"}],"replies":[{"embeddable":true,"href":"https:\/\/wilderheilzauber.de\/index.php?rest_route=%2Fwp%2Fv2%2Fcomments&post=316"}],"version-history":[{"count":2,"href":"https:\/\/wilderheilzauber.de\/index.php?rest_route=\/wp\/v2\/pages\/316\/revisions"}],"predecessor-version":[{"id":1147,"href":"https:\/\/wilderheilzauber.de\/index.php?rest_route=\/wp\/v2\/pages\/316\/revisions\/1147"}],"up":[{"embeddable":true,"href":"https:\/\/wilderheilzauber.de\/index.php?rest_route=\/wp\/v2\/pages\/870"}],"wp:attachment":[{"href":"https:\/\/wilderheilzauber.de\/index.php?rest_route=%2Fwp%2Fv2%2Fmedia&parent=316"}],"curies":[{"name":"wp","href":"https:\/\/api.w.org\/{rel}","templated":true}]}}