{"id":2,"date":"2025-05-28T15:22:53","date_gmt":"2025-05-28T13:22:53","guid":{"rendered":"http:\/\/170.75.171.100\/?page_id=2"},"modified":"2025-06-10T06:58:51","modified_gmt":"2025-06-10T04:58:51","slug":"ueber-mich","status":"publish","type":"page","link":"https:\/\/wilderheilzauber.de\/?page_id=2","title":{"rendered":"\u00dcber Mich"},"content":{"rendered":"\n<p><strong>Zur\u00fcck zu den Wurzeln \u2013 Mein Weg mit der Kraft der Natur<\/strong> \ud83c\udf3f<\/p>\n\n\n\n<p>Ich komme urspr\u00fcnglich aus dem sch\u00f6nen \u00d6sterreich \u2013 einem Land voller W\u00e4lder, Wiesen und duftender Almkr\u00e4uter. Schon als Kind war ich fasziniert von dem, was da zwischen Steinen, Wegen und Z\u00e4unen wuchs. Doch nicht irgendein Buch, nicht irgendein Kurs hat mir dieses uralte Wissen vermittelt \u2013 es war meine Oma.<\/p>\n\n\n\n<p>Sie war meine erste und vielleicht wichtigste Lehrerin, wenn es um Kr\u00e4uter und Natur ging. Mit Geduld, Liebe und einem L\u00e4cheln zeigte sie mir, wie man Pflanzen erkennt, respektvoll sammelt und sie mit Bedacht nutzt. Leider ist sie inzwischen verstorben \u2013 doch ihr Wissen lebt in mir weiter. Und in jedem Tropfen Tinktur, den ich heute herstelle, sp\u00fcre ich ihre Hand auf meiner Schulter.<\/p>\n\n\n\n<p>Nach meinem Umzug nach Deutschland verlor ich f\u00fcr viele Jahre die Verbindung zur Natur. Der L\u00e4rm des Alltags, neue Herausforderungen, das Leben \u2013 all das lie\u00df mich vergessen, wie wohltuend ein Spaziergang mit offenen Augen sein kann. Erst w\u00e4hrend der Corona-Zeit, als die Welt stiller wurde, fand ich zur\u00fcck. Zur\u00fcck zur Erde. Zur\u00fcck zum Wesen der Pflanzen. Und zur\u00fcck zu mir selbst.<\/p>\n\n\n\n<p>Heute ist das Sammeln, Verarbeiten und Anwenden von Wildkr\u00e4utern ein fester Bestandteil meines Alltags. Ob Spitzwegerich, L\u00f6wenzahn, Schafgarbe oder G\u00e4nsebl\u00fcmchen \u2013 aus vielen dieser Pflanzen stelle ich Salben, Tinkturen und \u00d6lausz\u00fcge her. Nicht f\u00fcr den Verkauf. Nicht f\u00fcr Profit. Sondern f\u00fcr mich, meine Tiere, meine Freunde \u2013 aus Liebe und tiefer \u00dcberzeugung.<\/p>\n\n\n\n<p>Diese Seite ist mein pers\u00f6nlicher Herzensweg. Sie ist entstanden, um mein Wissen und meine Erfahrung zu teilen \u2013 so wie es meine Oma einst mit mir tat. Ohne Werbung, ohne Shop, ohne versteckte Absichten. Ich glaube fest daran: Kr\u00e4uterwissen geh\u00f6rt allen. Es will weitergetragen werden, verwurzelt in unseren Herzen und gelebt in unserem Alltag.<\/p>\n\n\n\n<p>Wenn du dich also f\u00fcr die stille Heilkraft der Natur interessierst, vielleicht sogar gerade erst am Anfang deiner eigenen Kr\u00e4uterreise stehst \u2013 dann bist du hier willkommen.<\/p>\n\n\n\n<p>\ud83c\udf31 In Liebe zur Natur,<br><strong>Chris<\/strong><\/p>\n","protected":false},"excerpt":{"rendered":"<p>Zur\u00fcck zu den Wurzeln \u2013 Mein Weg mit der Kraft der Natur \ud83c\udf3f Ich komme urspr\u00fcnglich aus dem sch\u00f6nen \u00d6sterreich \u2013 einem Land voller W\u00e4lder, Wiesen und duftender &hellip; <a class=\"read-more\" href=\"https:\/\/wilderheilzauber.de\/?page_id=2\">Weiterlesen<\/a><\/p>\n","protected":false},"author":1,"featured_media":0,"parent":0,"menu_order":1,"comment_status":"closed","ping_status":"closed","template":"","meta":{"_monsterinsights_skip_tracking":false,"_monsterinsights_sitenote_active":false,"_monsterinsights_sitenote_note":"","_monsterinsights_sitenote_category":0,"footnotes":""},"class_list":["post-2","page","type-page","status-publish","hentry"],"aioseo_notices":[],"_links":{"self":[{"href":"https:\/\/wilderheilzauber.de\/index.php?rest_route=\/wp\/v2\/pages\/2","targetHints":{"allow":["GET"]}}],"collection":[{"href":"https:\/\/wilderheilzauber.de\/index.php?rest_route=\/wp\/v2\/pages"}],"about":[{"href":"https:\/\/wilderheilzauber.de\/index.php?rest_route=\/wp\/v2\/types\/page"}],"author":[{"embeddable":true,"href":"https:\/\/wilderheilzauber.de\/index.php?rest_route=\/wp\/v2\/users\/1"}],"replies":[{"embeddable":true,"href":"https:\/\/wilderheilzauber.de\/index.php?rest_route=%2Fwp%2Fv2%2Fcomments&post=2"}],"version-history":[{"count":3,"href":"https:\/\/wilderheilzauber.de\/index.php?rest_route=\/wp\/v2\/pages\/2\/revisions"}],"predecessor-version":[{"id":713,"href":"https:\/\/wilderheilzauber.de\/index.php?rest_route=\/wp\/v2\/pages\/2\/revisions\/713"}],"wp:attachment":[{"href":"https:\/\/wilderheilzauber.de\/index.php?rest_route=%2Fwp%2Fv2%2Fmedia&parent=2"}],"curies":[{"name":"wp","href":"https:\/\/api.w.org\/{rel}","templated":true}]}}