{"id":198,"date":"2025-05-29T14:17:17","date_gmt":"2025-05-29T12:17:17","guid":{"rendered":"http:\/\/170.75.171.100\/?page_id=198"},"modified":"2025-05-29T14:33:07","modified_gmt":"2025-05-29T12:33:07","slug":"tinkturen","status":"publish","type":"page","link":"https:\/\/wilderheilzauber.de\/?page_id=198","title":{"rendered":"Tinkturen"},"content":{"rendered":"\n<p><strong>Tinkturen \u2013 Die Kraft der Natur in Tropfenform<\/strong><\/p>\n\n\n\n<p>In der Stille der Wiesen, am Rande verwunschener W\u00e4lder und auf sonnendurchfluteten Lichtungen wachsen unsere heimischen Heilkr\u00e4uter \u2013 bereit, ihre verborgenen Sch\u00e4tze mit uns zu teilen. In diesem Bereich meiner Seite widme ich mich ganz der uralten Kunst der Tinkturenherstellung \u2013 einem der reinsten Wege, die Essenz der Pflanzen zu bewahren und zu nutzen.<\/p>\n\n\n\n<p>Tinkturen sind alkoholische Ausz\u00fcge aus frischen oder getrockneten Kr\u00e4utern. Sie vereinen auf kraftvolle Weise die heilenden Inhaltsstoffe der Natur in konzentrierter Form. Ob zur St\u00e4rkung, Beruhigung oder zur Anregung \u2013 jede Pflanze erz\u00e4hlt ihre eigene Geschichte und schenkt uns ihre besondere Wirkung.<\/p>\n\n\n\n<p>Ich zeige dir hier, wie du mit einfachen Mitteln und viel Achtsamkeit selbst Tinkturen herstellen kannst \u2013 von der Auswahl der richtigen Pflanzen \u00fcber das Ansetzen bis hin zur richtigen Lagerung und Anwendung. Alles basiert auf meinem Wissen, das ich mir \u00fcber viele Jahre durch B\u00fccher, Erfahrungen und Kurse angeeignet habe.<\/p>\n\n\n\n<p><strong>Denn ich glaube: Die Natur gibt uns mehr, als wir oft begreifen.<\/strong><\/p>\n\n\n\n<p>Lass uns gemeinsam dieses alte Wissen neu entdecken und der Pflanzenkraft mit offenen Herzen begegnen.<\/p>\n\n\n\n<blockquote class=\"wp-block-quote is-layout-flow wp-block-quote-is-layout-flow\">\n<p><em>\u201eDie Natur ist die beste Apotheke.\u201c<\/em><br>\u2014 Sebastian Kneipp<\/p>\n<\/blockquote>\n","protected":false},"excerpt":{"rendered":"<p>Tinkturen \u2013 Die Kraft der Natur in Tropfenform In der Stille der Wiesen, am Rande verwunschener W\u00e4lder und auf sonnendurchfluteten Lichtungen wachsen unsere heimischen Heilkr\u00e4uter \u2013 bereit, ihre &hellip; <a class=\"read-more\" href=\"https:\/\/wilderheilzauber.de\/?page_id=198\">Weiterlesen<\/a><\/p>\n","protected":false},"author":1,"featured_media":0,"parent":0,"menu_order":0,"comment_status":"closed","ping_status":"closed","template":"","meta":{"_monsterinsights_skip_tracking":false,"_monsterinsights_sitenote_active":false,"_monsterinsights_sitenote_note":"","_monsterinsights_sitenote_category":0,"footnotes":""},"class_list":["post-198","page","type-page","status-publish","hentry"],"aioseo_notices":[],"_links":{"self":[{"href":"https:\/\/wilderheilzauber.de\/index.php?rest_route=\/wp\/v2\/pages\/198","targetHints":{"allow":["GET"]}}],"collection":[{"href":"https:\/\/wilderheilzauber.de\/index.php?rest_route=\/wp\/v2\/pages"}],"about":[{"href":"https:\/\/wilderheilzauber.de\/index.php?rest_route=\/wp\/v2\/types\/page"}],"author":[{"embeddable":true,"href":"https:\/\/wilderheilzauber.de\/index.php?rest_route=\/wp\/v2\/users\/1"}],"replies":[{"embeddable":true,"href":"https:\/\/wilderheilzauber.de\/index.php?rest_route=%2Fwp%2Fv2%2Fcomments&post=198"}],"version-history":[{"count":2,"href":"https:\/\/wilderheilzauber.de\/index.php?rest_route=\/wp\/v2\/pages\/198\/revisions"}],"predecessor-version":[{"id":202,"href":"https:\/\/wilderheilzauber.de\/index.php?rest_route=\/wp\/v2\/pages\/198\/revisions\/202"}],"wp:attachment":[{"href":"https:\/\/wilderheilzauber.de\/index.php?rest_route=%2Fwp%2Fv2%2Fmedia&parent=198"}],"curies":[{"name":"wp","href":"https:\/\/api.w.org\/{rel}","templated":true}]}}