{"id":143,"date":"2025-05-29T09:02:01","date_gmt":"2025-05-29T07:02:01","guid":{"rendered":"http:\/\/170.75.171.100\/?page_id=143"},"modified":"2025-06-13T16:35:30","modified_gmt":"2025-06-13T14:35:30","slug":"klee","status":"publish","type":"page","link":"https:\/\/wilderheilzauber.de\/?page_id=143","title":{"rendered":"Klee"},"content":{"rendered":"\n<h2 class=\"wp-block-heading\">\ud83c\udf3f <strong>Klee \u2013 die Heilpflanze mit Herzbl\u00e4ttern<\/strong> \ud83c\udf3f<\/h2>\n\n\n\n<h3 class=\"wp-block-heading\">\ud83c\udf31 <strong>Allgemeines und botanische Einordnung<\/strong><\/h3>\n\n\n\n<p>Der Klee geh\u00f6rt zur Familie der <strong>H\u00fclsenfr\u00fcchtler (Fabaceae)<\/strong> und zur Gattung <strong>Trifolium<\/strong>, was sich vom lateinischen \u201etres folia\u201c ableitet \u2013 \u201edrei Bl\u00e4tter\u201c. Weltweit gibt es \u00fcber <strong>250 Arten<\/strong>, in Mitteleuropa sind etwa <strong>16 Arten<\/strong> heimisch, von denen besonders drei in der Naturheilkunde und Volksmedizin Bedeutung erlangt haben:<\/p>\n\n\n\n<ul class=\"wp-block-list\">\n<li><strong>Rotklee (Trifolium pratense)<\/strong><\/li>\n\n\n\n<li><strong>Wei\u00dfklee (Trifolium repens)<\/strong><\/li>\n\n\n\n<li><strong>Hornklee (Lotus corniculatus, obwohl nicht Trifolium, aber oft als \u201eKlee\u201c bezeichnet)<\/strong><\/li>\n<\/ul>\n\n\n\n<hr class=\"wp-block-separator has-alpha-channel-opacity\"\/>\n\n\n\n<h3 class=\"wp-block-heading\">\ud83d\udd0e <strong>Wie erkennt man Klee?<\/strong><\/h3>\n\n\n\n<p>Klee erkennt man an folgenden typischen Merkmalen:<\/p>\n\n\n\n<ul class=\"wp-block-list\">\n<li><strong>Laubbl\u00e4tter:<\/strong> Meist drei- (seltener vier-) z\u00e4hlig, oval bis rundlich, oft mit einer charakteristischen helleren Zeichnung in der Mitte (besonders beim Wei\u00dfklee).<\/li>\n\n\n\n<li><strong>Bl\u00fcten:<\/strong> In kugeligen oder eif\u00f6rmigen K\u00f6pfchen, bestehend aus vielen kleinen Einzelbl\u00fcten.\n<ul class=\"wp-block-list\">\n<li><strong>Rotklee:<\/strong> r\u00f6tlich bis purpurfarben<\/li>\n\n\n\n<li><strong>Wei\u00dfklee:<\/strong> wei\u00df bis cremefarben, oft leicht rosa \u00fcberhaucht<\/li>\n\n\n\n<li><strong>Hornklee:<\/strong> leuchtend gelb<\/li>\n<\/ul>\n<\/li>\n\n\n\n<li><strong>St\u00e4ngel:<\/strong> Je nach Art aufrecht (Rotklee) oder kriechend (Wei\u00dfklee), teilweise leicht behaart.<\/li>\n<\/ul>\n\n\n\n<figure class=\"wp-block-image size-large\"><img loading=\"lazy\" decoding=\"async\" width=\"683\" height=\"1024\" src=\"https:\/\/wilderheilzauber.de\/wp-content\/uploads\/2025\/06\/A_photograph_captures_two_clover_plants_one_with_-683x1024.jpg\" alt=\"\" class=\"wp-image-971\" srcset=\"https:\/\/wilderheilzauber.de\/wp-content\/uploads\/2025\/06\/A_photograph_captures_two_clover_plants_one_with_-683x1024.jpg 683w, https:\/\/wilderheilzauber.de\/wp-content\/uploads\/2025\/06\/A_photograph_captures_two_clover_plants_one_with_-200x300.jpg 200w, https:\/\/wilderheilzauber.de\/wp-content\/uploads\/2025\/06\/A_photograph_captures_two_clover_plants_one_with_-768x1152.jpg 768w, https:\/\/wilderheilzauber.de\/wp-content\/uploads\/2025\/06\/A_photograph_captures_two_clover_plants_one_with_.jpg 1024w\" sizes=\"auto, (max-width: 683px) 100vw, 683px\" \/><\/figure>\n\n\n\n<hr class=\"wp-block-separator has-alpha-channel-opacity\"\/>\n\n\n\n<h3 class=\"wp-block-heading\">\ud83c\udf0d <strong>Standort &amp; Vorkommen<\/strong><\/h3>\n\n\n\n<p>Klee w\u00e4chst bevorzugt an sonnigen bis halbschattigen Standorten. Man findet ihn:<\/p>\n\n\n\n<ul class=\"wp-block-list\">\n<li>auf <strong>Wiesen<\/strong>, <strong>Weiden<\/strong>, <strong>Feldr\u00e4ndern<\/strong><\/li>\n\n\n\n<li>an <strong>Wegr\u00e4ndern<\/strong>, in <strong>Gr\u00fcnanlagen<\/strong> und <strong>G\u00e4rten<\/strong><\/li>\n\n\n\n<li>auf n\u00e4hrstoffreichen, oft kalkhaltigen B\u00f6den<\/li>\n<\/ul>\n\n\n\n<p>Er ist ein <strong>Stickstoffsammler<\/strong>, verbessert also die Bodenqualit\u00e4t, weshalb er oft als <strong>Gr\u00fcnd\u00fcngungspflanze<\/strong> genutzt wird.<\/p>\n\n\n\n<hr class=\"wp-block-separator has-alpha-channel-opacity\"\/>\n\n\n\n<h3 class=\"wp-block-heading\">\ud83e\uddea <strong>Inhaltsstoffe von Klee<\/strong><\/h3>\n\n\n\n<p>Die bedeutendsten Wirkstoffe finden sich vor allem im <strong>Rotklee<\/strong>:<\/p>\n\n\n\n<ul class=\"wp-block-list\">\n<li><strong>Isoflavone (Phyto\u00f6strogene)<\/strong>: Genistein, Daidzein, Formononetin, Biochanin A<\/li>\n\n\n\n<li><strong>Gerbstoffe<\/strong><\/li>\n\n\n\n<li><strong>Flavonoide<\/strong><\/li>\n\n\n\n<li><strong>Glykoside<\/strong><\/li>\n\n\n\n<li><strong>\u00c4therische \u00d6le<\/strong><\/li>\n\n\n\n<li><strong>Vitamine (besonders Vitamin C)<\/strong><\/li>\n\n\n\n<li><strong>Mineralstoffe<\/strong> wie Kalium, Magnesium, Kalzium<\/li>\n<\/ul>\n\n\n\n<p>Diese sekund\u00e4ren Pflanzenstoffe sind insbesondere in der Frauenheilkunde von gro\u00dfer Bedeutung.<\/p>\n\n\n\n<hr class=\"wp-block-separator has-alpha-channel-opacity\"\/>\n\n\n\n<h3 class=\"wp-block-heading\">\ud83c\udf3c <strong>Anwendungen in Heilkunde &amp; Hausgebrauch<\/strong><\/h3>\n\n\n\n<h4 class=\"wp-block-heading\">\ud83d\udd34 <strong>Rotklee \u2013 Frauenfreund und Entgifter<\/strong><\/h4>\n\n\n\n<ul class=\"wp-block-list\">\n<li><strong>Innerlich:<\/strong> als Tee oder Kapsel zur <strong>Linderung von Wechseljahrsbeschwerden<\/strong>, PMS, Menstruationskr\u00e4mpfen und hormonell bedingten Hautproblemen.<\/li>\n\n\n\n<li><strong>Leberunterst\u00fctzung<\/strong> und Blutreinigung<\/li>\n\n\n\n<li><strong>Schleiml\u00f6send<\/strong> bei Husten, Bronchitis<\/li>\n\n\n\n<li><strong>Krebsvorbeugend<\/strong> (Forschung noch nicht abgeschlossen)<\/li>\n<\/ul>\n\n\n\n<p>\ud83d\udc49 <strong>Anwendung:<\/strong><\/p>\n\n\n\n<ul class=\"wp-block-list\">\n<li><strong>Tee:<\/strong> 1\u20132 TL getrocknete Bl\u00fcten auf 250 ml hei\u00dfes Wasser, 10 Minuten ziehen lassen<\/li>\n\n\n\n<li><strong>Tinktur:<\/strong> aus den frischen Bl\u00fcten in Alkohol angesetzt<\/li>\n<\/ul>\n\n\n\n<h4 class=\"wp-block-heading\">\u26aa <strong>Wei\u00dfklee \u2013 sanfter Helfer<\/strong><\/h4>\n\n\n\n<ul class=\"wp-block-list\">\n<li>Wirkt leicht harntreibend, entz\u00fcndungshemmend, antimikrobiell<\/li>\n\n\n\n<li><strong>\u00c4u\u00dferlich:<\/strong> als Umschlag bei Hautausschl\u00e4gen, Insektenstichen<\/li>\n\n\n\n<li><strong>Tee:<\/strong> zur Unterst\u00fctzung bei Magen-Darm-Beschwerden und leichten Erk\u00e4ltungen<\/li>\n<\/ul>\n\n\n\n<h4 class=\"wp-block-heading\">\ud83c\udf1e <strong>Hornklee \u2013 mit Vorsicht genie\u00dfen!<\/strong><\/h4>\n\n\n\n<ul class=\"wp-block-list\">\n<li>Enth\u00e4lt <strong>Cyanogene Glykoside<\/strong> (Blaus\u00e4ureabspalter) \u2013 in gro\u00dfen Mengen giftig!<\/li>\n\n\n\n<li>In sehr kleinen Dosen in der Volksmedizin gegen Durchfall und zur Beruhigung verwendet \u2013 aber <strong>nur unter Anleitung erfahrener Kr\u00e4uterkenner!<\/strong><\/li>\n<\/ul>\n\n\n\n<hr class=\"wp-block-separator has-alpha-channel-opacity\"\/>\n\n\n\n<h3 class=\"wp-block-heading\">\ud83c\udf7d\ufe0f <strong>Klee in der K\u00fcche<\/strong><\/h3>\n\n\n\n<ul class=\"wp-block-list\">\n<li><strong>Junge Bl\u00e4tter und Bl\u00fcten<\/strong> k\u00f6nnen roh in Salaten, Smoothies, Aufstrichen oder gekocht in Suppen und Eint\u00f6pfen verwendet werden<\/li>\n\n\n\n<li><strong>Keimlinge<\/strong> des Rotklees sind eiwei\u00dfreich, zart nussig und sehr beliebt in der veganen K\u00fcche<\/li>\n\n\n\n<li><strong>Bl\u00fcten<\/strong> als dekorativer, leicht s\u00fc\u00dflicher Bl\u00fctenzucker oder Sirup<\/li>\n\n\n\n<li><strong>Wei\u00dfklee-Bl\u00fcten<\/strong> schmecken zart nach Vanille und lassen sich auch kandieren<\/li>\n<\/ul>\n\n\n\n<hr class=\"wp-block-separator has-alpha-channel-opacity\"\/>\n\n\n\n<h3 class=\"wp-block-heading\">\ud83d\udc1d <strong>Klee als Bienenweide &amp; Bodengeschenk<\/strong><\/h3>\n\n\n\n<ul class=\"wp-block-list\">\n<li>Besonders <strong>Rot- und Wei\u00dfklee<\/strong> sind wertvolle <strong>Nektarspender<\/strong> f\u00fcr Bienen, Hummeln und Schmetterlinge<\/li>\n\n\n\n<li>Durch ihre F\u00e4higkeit zur <strong>Stickstoffbindung<\/strong> \u00fcber Wurzelkn\u00f6llchen verbessern sie den Boden und sind ideal als <strong>Gr\u00fcnd\u00fcngung<\/strong> im Garten<\/li>\n<\/ul>\n\n\n\n<hr class=\"wp-block-separator has-alpha-channel-opacity\"\/>\n\n\n\n<h3 class=\"wp-block-heading\">\u26a0\ufe0f <strong>Hinweise &amp; Vorsicht<\/strong><\/h3>\n\n\n\n<ul class=\"wp-block-list\">\n<li><strong>Rotklee in gro\u00dfen Mengen<\/strong> kann bei empfindlichen Personen hormonell wirken \u2013 f\u00fcr Schwangere und Stillende ist R\u00fccksprache mit Arzt oder Heilpraktiker empfohlen<\/li>\n\n\n\n<li><strong>Keine Anwendung bei hormonabh\u00e4ngigen Tumoren<\/strong><\/li>\n\n\n\n<li><strong>Hornklee nur mit Vorsicht genie\u00dfen<\/strong> \u2013 er kann, falsch verwendet, toxisch wirken<\/li>\n<\/ul>\n\n\n\n<hr class=\"wp-block-separator has-alpha-channel-opacity\"\/>\n\n\n\n<h3 class=\"wp-block-heading\">\ud83c\udf3e <strong>Fazit<\/strong><\/h3>\n\n\n\n<p>Der Klee \u2013 mit seiner bescheidenen Erscheinung und seiner tief verwurzelten Heilkraft \u2013 ist ein <strong>wahres Geschenk der Natur<\/strong>. Ob als sanfte Unterst\u00fctzung f\u00fcr die Frauengesundheit, als essbare Wildpflanze oder als Kraftspender f\u00fcr die Erde selbst: <strong>Er bringt Balance, Vielfalt und Leben<\/strong>.<\/p>\n\n\n\n<blockquote class=\"wp-block-quote is-layout-flow wp-block-quote-is-layout-flow\">\n<p>\u201eIm Herzen jedes Kleeblatts verbirgt sich ein stilles Wunder \u2013 f\u00fcr die, die es zu sehen verm\u00f6gen.\u201c<\/p>\n<\/blockquote>\n","protected":false},"excerpt":{"rendered":"<p>\ud83c\udf3f Klee \u2013 die Heilpflanze mit Herzbl\u00e4ttern \ud83c\udf3f \ud83c\udf31 Allgemeines und botanische Einordnung Der Klee geh\u00f6rt zur Familie der H\u00fclsenfr\u00fcchtler (Fabaceae) und zur Gattung Trifolium, was sich vom &hellip; <a class=\"read-more\" href=\"https:\/\/wilderheilzauber.de\/?page_id=143\">Weiterlesen<\/a><\/p>\n","protected":false},"author":1,"featured_media":0,"parent":7,"menu_order":0,"comment_status":"closed","ping_status":"closed","template":"","meta":{"_monsterinsights_skip_tracking":false,"_monsterinsights_sitenote_active":false,"_monsterinsights_sitenote_note":"","_monsterinsights_sitenote_category":0,"footnotes":""},"class_list":["post-143","page","type-page","status-publish","hentry"],"aioseo_notices":[],"_links":{"self":[{"href":"https:\/\/wilderheilzauber.de\/index.php?rest_route=\/wp\/v2\/pages\/143","targetHints":{"allow":["GET"]}}],"collection":[{"href":"https:\/\/wilderheilzauber.de\/index.php?rest_route=\/wp\/v2\/pages"}],"about":[{"href":"https:\/\/wilderheilzauber.de\/index.php?rest_route=\/wp\/v2\/types\/page"}],"author":[{"embeddable":true,"href":"https:\/\/wilderheilzauber.de\/index.php?rest_route=\/wp\/v2\/users\/1"}],"replies":[{"embeddable":true,"href":"https:\/\/wilderheilzauber.de\/index.php?rest_route=%2Fwp%2Fv2%2Fcomments&post=143"}],"version-history":[{"count":3,"href":"https:\/\/wilderheilzauber.de\/index.php?rest_route=\/wp\/v2\/pages\/143\/revisions"}],"predecessor-version":[{"id":972,"href":"https:\/\/wilderheilzauber.de\/index.php?rest_route=\/wp\/v2\/pages\/143\/revisions\/972"}],"up":[{"embeddable":true,"href":"https:\/\/wilderheilzauber.de\/index.php?rest_route=\/wp\/v2\/pages\/7"}],"wp:attachment":[{"href":"https:\/\/wilderheilzauber.de\/index.php?rest_route=%2Fwp%2Fv2%2Fmedia&parent=143"}],"curies":[{"name":"wp","href":"https:\/\/api.w.org\/{rel}","templated":true}]}}