{"id":1263,"date":"2025-06-25T08:09:50","date_gmt":"2025-06-25T06:09:50","guid":{"rendered":"https:\/\/wilderheilzauber.de\/?page_id=1263"},"modified":"2025-06-25T08:10:21","modified_gmt":"2025-06-25T06:10:21","slug":"einmachen-haltbar-machen","status":"publish","type":"page","link":"https:\/\/wilderheilzauber.de\/?page_id=1263","title":{"rendered":"Einmachen \/ Haltbar machen"},"content":{"rendered":"\n<h1 class=\"wp-block-heading\">\ud83c\udf53 Das Einmachen und Haltbarmachen von Obst und Gem\u00fcse<\/h1>\n\n\n\n<p><em>Ein Lied an die F\u00fclle \u2013 und wie man sie bewahrt<\/em><\/p>\n\n\n\n<p>Wenn Sommer und Herbst mit reicher F\u00fclle winken, wenn die G\u00e4rten \u00fcberquellen vor reifen Tomaten, Beeren, Zucchini und \u00c4pfeln \u2013 dann ist die Stunde gekommen, das alte Wissen zu ehren: die Kunst des Haltbarmachens. Diese Weisheit erlaubt es uns, die Gaben der Natur einzufangen und sie bis tief in den Winter hinein zu genie\u00dfen. Hier findest du eine \u00dcbersicht \u00fcber bew\u00e4hrte Methoden und ihre magischen Details.<\/p>\n\n\n\n<hr class=\"wp-block-separator has-alpha-channel-opacity\"\/>\n\n\n\n<h2 class=\"wp-block-heading\">\ud83e\uded9 1. Klassisches Einmachen (Hei\u00dfabf\u00fcllung &amp; Sterilisation)<\/h2>\n\n\n\n<h3 class=\"wp-block-heading\">Was ist das?<\/h3>\n\n\n\n<p>Beim klassischen Einmachen werden Obst oder Gem\u00fcse mit Zucker, Salz oder beidem zusammen in Gl\u00e4ser gef\u00fcllt, erhitzt und durch luftdichtes Verschlie\u00dfen haltbar gemacht.<\/p>\n\n\n\n<h3 class=\"wp-block-heading\">Anwendung:<\/h3>\n\n\n\n<ul class=\"wp-block-list\">\n<li>F\u00fcr Marmeladen, Kompott, Saucen, Chutneys, Tomaten, Gurken usw.<\/li>\n\n\n\n<li>Gl\u00e4ser mit Schraub- oder Weckverschluss nutzen.<\/li>\n\n\n\n<li>Inhalt auf \u00fcber 75\u202f\u00b0C erhitzen (kurz aufkochen) und hei\u00df einf\u00fcllen.<\/li>\n<\/ul>\n\n\n\n<h3 class=\"wp-block-heading\">Wichtig:<\/h3>\n\n\n\n<ul class=\"wp-block-list\">\n<li>Gl\u00e4ser und Deckel vorher unbedingt sterilisieren (z.\u202fB. in kochendem Wasser oder im Backofen).<\/li>\n\n\n\n<li>Rand sauber halten \u2013 kein Tropfen darf dazwischen.<\/li>\n\n\n\n<li>Gl\u00e4ser nach dem Bef\u00fcllen umdrehen oder im Wasserbad einkochen.<\/li>\n<\/ul>\n\n\n\n<hr class=\"wp-block-separator has-alpha-channel-opacity\"\/>\n\n\n\n<h2 class=\"wp-block-heading\">\ud83e\uded2 2. Einlegen in \u00d6l<\/h2>\n\n\n\n<h3 class=\"wp-block-heading\">Was ist das?<\/h3>\n\n\n\n<p>Durch Einlegen in \u00d6l werden luftempfindliche Lebensmittel wie getrocknete Tomaten, Paprika, Knoblauch oder Kr\u00e4uter konserviert.<\/p>\n\n\n\n<h3 class=\"wp-block-heading\">Anwendung:<\/h3>\n\n\n\n<ul class=\"wp-block-list\">\n<li>Gem\u00fcse vorher blanchieren oder trocknen.<\/li>\n\n\n\n<li>Mit Kr\u00e4utern, Knoblauch, Chili und Salz in saubere Gl\u00e4ser geben.<\/li>\n\n\n\n<li>Mit hochwertigem \u00d6l (am besten Oliven\u00f6l) vollst\u00e4ndig bedecken.<\/li>\n<\/ul>\n\n\n\n<h3 class=\"wp-block-heading\">Tipps:<\/h3>\n\n\n\n<ul class=\"wp-block-list\">\n<li>Immer komplett mit \u00d6l bedecken \u2013 keine Luftblasen!<\/li>\n\n\n\n<li>Im K\u00fchlschrank lagern und innerhalb von 2\u20133 Wochen verbrauchen.<\/li>\n\n\n\n<li>Achtung: Botulismusgefahr \u2013 m\u00f6glichst nur getrocknetes oder s\u00e4urehaltiges Gem\u00fcse verwenden!<\/li>\n<\/ul>\n\n\n\n<hr class=\"wp-block-separator has-alpha-channel-opacity\"\/>\n\n\n\n<h2 class=\"wp-block-heading\">\ud83e\udd52 3. Einlegen in Essig (Pickling)<\/h2>\n\n\n\n<h3 class=\"wp-block-heading\">Was ist das?<\/h3>\n\n\n\n<p>Essig bewahrt Lebensmittel durch seinen niedrigen pH-Wert (unter 4,6). Eine uralte Methode aus Omas Vorratskammer!<\/p>\n\n\n\n<h3 class=\"wp-block-heading\">Anwendung:<\/h3>\n\n\n\n<ul class=\"wp-block-list\">\n<li>Gem\u00fcse (z.\u202fB. Gurken, Zwiebeln, Karotten) in W\u00fcrze aus Essig, Wasser, Salz und Gew\u00fcrzen kurz aufkochen.<\/li>\n\n\n\n<li>In sterile Gl\u00e4ser f\u00fcllen, mit hei\u00dfer Fl\u00fcssigkeit bedecken und luftdicht verschlie\u00dfen.<\/li>\n<\/ul>\n\n\n\n<h3 class=\"wp-block-heading\">Tipps:<\/h3>\n\n\n\n<ul class=\"wp-block-list\">\n<li>Mindestens 5\u202f%iger Essig verwenden.<\/li>\n\n\n\n<li>Zucker verleiht milde S\u00e4ure und bessere Haltbarkeit.<\/li>\n\n\n\n<li>Gew\u00fcrze wie Senfk\u00f6rner, Pfefferk\u00f6rner, Dill oder Lorbeer verfeinern das Aroma.<\/li>\n<\/ul>\n\n\n\n<hr class=\"wp-block-separator has-alpha-channel-opacity\"\/>\n\n\n\n<h2 class=\"wp-block-heading\">\ud83c\udf1e 4. Trocknen &amp; D\u00f6rren<\/h2>\n\n\n\n<h3 class=\"wp-block-heading\">Was ist das?<\/h3>\n\n\n\n<p>Beim Trocknen wird dem Obst oder Gem\u00fcse das Wasser entzogen \u2013 die Lebensgrundlage von Mikroorganismen.<\/p>\n\n\n\n<h3 class=\"wp-block-heading\">Anwendung:<\/h3>\n\n\n\n<ul class=\"wp-block-list\">\n<li>Im D\u00f6rrautomaten, Backofen (bei 40\u201360\u202f\u00b0C, leicht ge\u00f6ffnet) oder an der Luft.<\/li>\n\n\n\n<li>Gut geeignet f\u00fcr \u00c4pfel, Birnen, Tomaten, Kr\u00e4uter, Pilze, Zucchini, Bohnen.<\/li>\n<\/ul>\n\n\n\n<h3 class=\"wp-block-heading\">Tipps:<\/h3>\n\n\n\n<ul class=\"wp-block-list\">\n<li>Alles in gleichm\u00e4\u00dfige, d\u00fcnne Scheiben schneiden.<\/li>\n\n\n\n<li>Nach dem Trocknen luftdicht in Gl\u00e4sern oder Baumwollbeuteln aufbewahren.<\/li>\n\n\n\n<li>Schimmelgefahr vermeiden: vollst\u00e4ndig trocken lagern!<\/li>\n<\/ul>\n\n\n\n<hr class=\"wp-block-separator has-alpha-channel-opacity\"\/>\n\n\n\n<h2 class=\"wp-block-heading\">\ud83e\uddc2 5. Fermentieren (Milchs\u00e4ureg\u00e4rung)<\/h2>\n\n\n\n<h3 class=\"wp-block-heading\">Was ist das?<\/h3>\n\n\n\n<p>Ein alchemistischer Tanz von Mikroorganismen: Gem\u00fcse wird in Salzwasser eingelegt und unter Ausschluss von Luft milchsauer vergoren. Dabei entstehen Enzyme, Vitamine und Probiotika.<\/p>\n\n\n\n<h3 class=\"wp-block-heading\">Anwendung:<\/h3>\n\n\n\n<ul class=\"wp-block-list\">\n<li>Gem\u00fcse (z.\u202fB. Kohl, Karotten, Rote Bete, Radieschen) hobeln oder schneiden.<\/li>\n\n\n\n<li>Mit Salz vermengen (ca. 2\u202f% des Gewichts) und in ein Glas stopfen.<\/li>\n\n\n\n<li>Mit einem Gewicht beschweren und 7\u201314 Tage bei Raumtemperatur stehen lassen.<\/li>\n<\/ul>\n\n\n\n<h3 class=\"wp-block-heading\">Tipps:<\/h3>\n\n\n\n<ul class=\"wp-block-list\">\n<li>Immer unter Fl\u00fcssigkeit halten \u2013 sonst droht Schimmel!<\/li>\n\n\n\n<li>Nicht zu viel Salz \u2013 aber auch nicht zu wenig.<\/li>\n\n\n\n<li>Deckel nur lose schlie\u00dfen oder mit G\u00e4rdeckel arbeiten (Gas muss entweichen).<\/li>\n<\/ul>\n\n\n\n<hr class=\"wp-block-separator has-alpha-channel-opacity\"\/>\n\n\n\n<h2 class=\"wp-block-heading\">\ud83c\udf3f Zus\u00e4tzliche Tipps f\u00fcr alle Methoden<\/h2>\n\n\n\n<h3 class=\"wp-block-heading\">Hygiene ist das A &amp; O:<\/h3>\n\n\n\n<ul class=\"wp-block-list\">\n<li>Gl\u00e4ser, Deckel, Utensilien gr\u00fcndlich mit hei\u00dfem Wasser oder in der Sp\u00fclmaschine reinigen.<\/li>\n\n\n\n<li>Keine kontaminierten oder angeschimmelten Lebensmittel verwenden.<\/li>\n<\/ul>\n\n\n\n<h3 class=\"wp-block-heading\">Lagerung:<\/h3>\n\n\n\n<ul class=\"wp-block-list\">\n<li>K\u00fchl, dunkel und trocken lagern.<\/li>\n\n\n\n<li>Beschriften mit Datum und Inhalt.<\/li>\n\n\n\n<li>Regelm\u00e4\u00dfig auf Schimmel oder G\u00e4rung pr\u00fcfen.<\/li>\n<\/ul>\n\n\n\n<h3 class=\"wp-block-heading\">Saison &amp; Ernte beachten:<\/h3>\n\n\n\n<ul class=\"wp-block-list\">\n<li>Verwende nur reifes, unversehrtes Obst und Gem\u00fcse \u2013 nicht \u00fcberreif oder besch\u00e4digt.<\/li>\n\n\n\n<li>Bei Regen geerntete Ware erst gut trocknen lassen!<\/li>\n<\/ul>\n\n\n\n<hr class=\"wp-block-separator has-alpha-channel-opacity\"\/>\n\n\n\n<h2 class=\"wp-block-heading\">\ud83e\uddf0 Bonus: N\u00fctzliches Zubeh\u00f6r<\/h2>\n\n\n\n<ul class=\"wp-block-list\">\n<li>Einmachtrichter<\/li>\n\n\n\n<li>G\u00e4rgewichte aus Glas oder Keramik<\/li>\n\n\n\n<li>D\u00f6rrautomat<\/li>\n\n\n\n<li>G\u00e4rkrauttopf aus Ton<\/li>\n\n\n\n<li>PH-Messstreifen (f\u00fcr Fermentier-Einsteiger)<\/li>\n\n\n\n<li>Handschuhe und Schneidbrett aus Holz oder Glas<\/li>\n<\/ul>\n\n\n\n<hr class=\"wp-block-separator has-alpha-channel-opacity\"\/>\n\n\n\n<h2 class=\"wp-block-heading\">\ud83c\udf08 Fazit: Vorrat mit Seele<\/h2>\n\n\n\n<p>Die Kunst des Haltbarmachens ist wie ein stilles Gespr\u00e4ch mit der Natur. Es ist ein Akt der Dankbarkeit \u2013 ein Innehalten vor der Verg\u00e4nglichkeit. Wenn du deine Vorratskammer betrittst, wird jeder Blick auf ein Einmachglas zu einem Gedicht: Der Sommer wohnt noch darin.<\/p>\n\n\n\n<p><\/p>\n","protected":false},"excerpt":{"rendered":"<p>\ud83c\udf53 Das Einmachen und Haltbarmachen von Obst und Gem\u00fcse Ein Lied an die F\u00fclle \u2013 und wie man sie bewahrt Wenn Sommer und Herbst mit reicher F\u00fclle winken, &hellip; <a class=\"read-more\" href=\"https:\/\/wilderheilzauber.de\/?page_id=1263\">Weiterlesen<\/a><\/p>\n","protected":false},"author":1,"featured_media":0,"parent":1251,"menu_order":0,"comment_status":"closed","ping_status":"closed","template":"","meta":{"_monsterinsights_skip_tracking":false,"_monsterinsights_sitenote_active":false,"_monsterinsights_sitenote_note":"","_monsterinsights_sitenote_category":0,"footnotes":""},"class_list":["post-1263","page","type-page","status-publish","hentry"],"aioseo_notices":[],"_links":{"self":[{"href":"https:\/\/wilderheilzauber.de\/index.php?rest_route=\/wp\/v2\/pages\/1263","targetHints":{"allow":["GET"]}}],"collection":[{"href":"https:\/\/wilderheilzauber.de\/index.php?rest_route=\/wp\/v2\/pages"}],"about":[{"href":"https:\/\/wilderheilzauber.de\/index.php?rest_route=\/wp\/v2\/types\/page"}],"author":[{"embeddable":true,"href":"https:\/\/wilderheilzauber.de\/index.php?rest_route=\/wp\/v2\/users\/1"}],"replies":[{"embeddable":true,"href":"https:\/\/wilderheilzauber.de\/index.php?rest_route=%2Fwp%2Fv2%2Fcomments&post=1263"}],"version-history":[{"count":1,"href":"https:\/\/wilderheilzauber.de\/index.php?rest_route=\/wp\/v2\/pages\/1263\/revisions"}],"predecessor-version":[{"id":1264,"href":"https:\/\/wilderheilzauber.de\/index.php?rest_route=\/wp\/v2\/pages\/1263\/revisions\/1264"}],"up":[{"embeddable":true,"href":"https:\/\/wilderheilzauber.de\/index.php?rest_route=\/wp\/v2\/pages\/1251"}],"wp:attachment":[{"href":"https:\/\/wilderheilzauber.de\/index.php?rest_route=%2Fwp%2Fv2%2Fmedia&parent=1263"}],"curies":[{"name":"wp","href":"https:\/\/api.w.org\/{rel}","templated":true}]}}