{"id":12,"date":"2025-05-28T15:40:58","date_gmt":"2025-05-28T13:40:58","guid":{"rendered":"http:\/\/170.75.171.100\/?page_id=12"},"modified":"2025-05-29T14:20:38","modified_gmt":"2025-05-29T12:20:38","slug":"rezepte","status":"publish","type":"page","link":"https:\/\/wilderheilzauber.de\/?page_id=12","title":{"rendered":"Salben"},"content":{"rendered":"\n<h3 class=\"wp-block-heading\"><strong>Heilsame H\u00e4nde \u2013 Salben aus der Kraft der Natur<\/strong><\/h3>\n\n\n\n<p>Inmitten der W\u00e4lder, Wiesen und Felder liegt ein uraltes Wissen verborgen \u2013 das Wissen um die heilende Kraft der Wildkr\u00e4uter. Auf dieser Seite widme ich mich der Kunst, aus diesen gr\u00fcnen Sch\u00e4tzen einfache, aber wirkungsvolle Salben herzustellen \u2013 mit Liebe, Geduld und tiefem Respekt vor der Natur.<\/p>\n\n\n\n<p>Ich zeige dir, wie man aus heimischen Pflanzen wie Ringelblume, Spitzwegerich, Beinwell oder G\u00e4nsebl\u00fcmchen heilsame Salben zaubern kann \u2013 Schritt f\u00fcr Schritt und ganz ohne Chemie. Ob f\u00fcr raue Haut, kleine Wunden, verspannte Muskeln oder einfach zum Wohlf\u00fchlen \u2013 hier findest du nat\u00fcrliche Rezepte, die K\u00f6rper und Seele ber\u00fchren.<\/p>\n\n\n\n<p>Alle vorgestellten Rezepte basieren auf \u00fcberliefertem Kr\u00e4uterwissen, das ich durch B\u00fccher, Lehrg\u00e4nge und eigene Erfahrung gesammelt habe. Du brauchst keine gro\u00dfe Apotheke \u2013 nur offene Augen in der Natur und ein bisschen Zeit.<\/p>\n\n\n\n<p><strong>&#8222;Die Natur ist die beste Apotheke.&#8220;<\/strong><br>\u2013 <em>Sebastian Kneipp<\/em><\/p>\n\n\n\n<p>Tauche ein in die Welt der gr\u00fcnen Helfer \u2013 und entdecke, wie einfach es sein kann, heilsame Salben selbst herzustellen.<\/p>\n","protected":false},"excerpt":{"rendered":"<p>Heilsame H\u00e4nde \u2013 Salben aus der Kraft der Natur Inmitten der W\u00e4lder, Wiesen und Felder liegt ein uraltes Wissen verborgen \u2013 das Wissen um die heilende Kraft der &hellip; <a class=\"read-more\" href=\"https:\/\/wilderheilzauber.de\/?page_id=12\">Weiterlesen<\/a><\/p>\n","protected":false},"author":1,"featured_media":0,"parent":0,"menu_order":0,"comment_status":"closed","ping_status":"closed","template":"","meta":{"_monsterinsights_skip_tracking":false,"_monsterinsights_sitenote_active":false,"_monsterinsights_sitenote_note":"","_monsterinsights_sitenote_category":0,"footnotes":""},"class_list":["post-12","page","type-page","status-publish","hentry"],"aioseo_notices":[],"_links":{"self":[{"href":"https:\/\/wilderheilzauber.de\/index.php?rest_route=\/wp\/v2\/pages\/12","targetHints":{"allow":["GET"]}}],"collection":[{"href":"https:\/\/wilderheilzauber.de\/index.php?rest_route=\/wp\/v2\/pages"}],"about":[{"href":"https:\/\/wilderheilzauber.de\/index.php?rest_route=\/wp\/v2\/types\/page"}],"author":[{"embeddable":true,"href":"https:\/\/wilderheilzauber.de\/index.php?rest_route=\/wp\/v2\/users\/1"}],"replies":[{"embeddable":true,"href":"https:\/\/wilderheilzauber.de\/index.php?rest_route=%2Fwp%2Fv2%2Fcomments&post=12"}],"version-history":[{"count":7,"href":"https:\/\/wilderheilzauber.de\/index.php?rest_route=\/wp\/v2\/pages\/12\/revisions"}],"predecessor-version":[{"id":201,"href":"https:\/\/wilderheilzauber.de\/index.php?rest_route=\/wp\/v2\/pages\/12\/revisions\/201"}],"wp:attachment":[{"href":"https:\/\/wilderheilzauber.de\/index.php?rest_route=%2Fwp%2Fv2%2Fmedia&parent=12"}],"curies":[{"name":"wp","href":"https:\/\/api.w.org\/{rel}","templated":true}]}}